{"id":5811,"date":"2025-03-20T22:55:03","date_gmt":"2025-03-20T20:55:03","guid":{"rendered":"https:\/\/www.plaselplastic.com\/?post_type=product&#038;p=5811"},"modified":"2025-05-13T21:19:32","modified_gmt":"2025-05-13T18:19:32","slug":"bayo-pack-sk","status":"publish","type":"product","link":"https:\/\/www.plaselplastic.com\/de\/shop\/bayo-pack-sk\/","title":{"rendered":"Bayo Pack SK &#8211; Werkzeugverpackung"},"content":{"rendered":"<p>Die Plasel Bayo Pack SK Werkzeugverpackung setzt neue Ma\u00dfst\u00e4be beim Schutz von Werkzeughalterungen. Diese Verpackungsl\u00f6sung bietet un\u00fcbertroffenen Schutz vor St\u00f6\u00dfen, Ersch\u00fctterungen und Vibrationen, die Ihre wertvollen Werkzeughalterungen besch\u00e4digen k\u00f6nnten. Neben dem leicht zu handhabenden Bajonett-\u00d6ffnungs- und Verschlussmechanismus bieten 2 Verriegelungen zus\u00e4tzlichen Schutz. Einrastmechanismus f\u00fcr variable L\u00e4ngen.<\/p>\n","protected":false},"excerpt":{"rendered":"<p>Die Plasel Bayo Pack SK Werkzeugverpackung setzt neue Ma\u00dfst\u00e4be beim Schutz von Werkzeughalterungen. Diese Verpackungsl\u00f6sung bietet un\u00fcbertroffenen Schutz vor St\u00f6\u00dfen, Ersch\u00fctterungen und Vibrationen, die Ihre wertvollen Werkzeughalterungen besch\u00e4digen k\u00f6nnten. Neben dem leicht zu handhabenden Bajonett-\u00d6ffnungs- und Verschlussmechanismus bieten 2 Verriegelungen zus\u00e4tzlichen Schutz. Einrastmechanismus f\u00fcr variable L\u00e4ngen.<\/p>\n","protected":false},"featured_media":5951,"comment_status":"open","ping_status":"closed","template":"","meta":{"_acf_changed":false},"product_brand":[],"product_cat":[1521,1522],"product_tag":[],"class_list":{"0":"post-5811","1":"product","2":"type-product","3":"status-publish","4":"has-post-thumbnail","6":"product_cat-round-tools","7":"product_cat-tool-holders","9":"first","10":"instock","11":"shipping-taxable","12":"purchasable","13":"product-type-simple"},"acf":[],"yoast_head":"<!-- This site is optimized with the Yoast SEO plugin v27.4 - https:\/\/yoast.com\/product\/yoast-seo-wordpress\/ -->\n<title>Bayo Pack SK - Werkzeugverpackung - Plasel Plastic<\/title>\n<meta name=\"description\" content=\"Bayo Pack SK ist ein Werkzeugverpackung f\u00fcr CAT und BT mit Bajonettverschluss, Doppelverriegelung und verstellbarer L\u00e4nge. Sto\u00dffest, und sicher.\" \/>\n<meta name=\"robots\" content=\"index, follow, max-snippet:-1, max-image-preview:large, max-video-preview:-1\" \/>\n<link rel=\"canonical\" href=\"https:\/\/www.plaselplastic.com\/de\/shop\/bayo-pack-sk\/\" \/>\n<meta property=\"og:locale\" content=\"de_DE\" \/>\n<meta property=\"og:type\" content=\"article\" \/>\n<meta property=\"og:title\" content=\"Bayo Pack SK - Werkzeugverpackung - Plasel Plastic\" \/>\n<meta property=\"og:description\" content=\"Bayo Pack SK ist ein Werkzeugverpackung f\u00fcr CAT und BT mit Bajonettverschluss, Doppelverriegelung und verstellbarer L\u00e4nge. Sto\u00dffest, und sicher.\" \/>\n<meta property=\"og:url\" content=\"https:\/\/www.plaselplastic.com\/de\/shop\/bayo-pack-sk\/\" \/>\n<meta property=\"og:site_name\" content=\"Plasel Plastic\" \/>\n<meta property=\"article:publisher\" content=\"https:\/\/www.facebook.com\/profile.php?id=100064659343162\" \/>\n<meta property=\"article:modified_time\" content=\"2025-05-13T18:19:32+00:00\" \/>\n<meta property=\"og:image\" content=\"https:\/\/www.plaselplastic.com\/wp-content\/uploads\/2025\/03\/BPSK-WH-1-scaled.jpg\" \/>\n\t<meta property=\"og:image:width\" content=\"2560\" \/>\n\t<meta property=\"og:image:height\" content=\"2560\" \/>\n\t<meta property=\"og:image:type\" content=\"image\/jpeg\" \/>\n<meta name=\"twitter:card\" content=\"summary_large_image\" \/>\n<meta name=\"twitter:label1\" content=\"Gesch\u00e4tzte Lesezeit\" \/>\n\t<meta name=\"twitter:data1\" content=\"1\u00a0Minute\" \/>\n<script type=\"application\/ld+json\" class=\"yoast-schema-graph\">{\"@context\":\"https:\\\/\\\/schema.org\",\"@graph\":[{\"@type\":\"WebPage\",\"@id\":\"https:\\\/\\\/www.plaselplastic.com\\\/de\\\/shop\\\/bayo-pack-sk\\\/\",\"url\":\"https:\\\/\\\/www.plaselplastic.com\\\/de\\\/shop\\\/bayo-pack-sk\\\/\",\"name\":\"Bayo Pack SK - Werkzeugverpackung - Plasel Plastic\",\"isPartOf\":{\"@id\":\"https:\\\/\\\/www.plaselplastic.com\\\/#website\"},\"primaryImageOfPage\":{\"@id\":\"https:\\\/\\\/www.plaselplastic.com\\\/de\\\/shop\\\/bayo-pack-sk\\\/#primaryimage\"},\"image\":{\"@id\":\"https:\\\/\\\/www.plaselplastic.com\\\/de\\\/shop\\\/bayo-pack-sk\\\/#primaryimage\"},\"thumbnailUrl\":\"https:\\\/\\\/www.plaselplastic.com\\\/wp-content\\\/uploads\\\/2025\\\/03\\\/BPSK-WH-1-scaled.jpg\",\"datePublished\":\"2025-03-20T20:55:03+00:00\",\"dateModified\":\"2025-05-13T18:19:32+00:00\",\"description\":\"Bayo Pack SK ist ein Werkzeugverpackung f\u00fcr CAT und BT mit Bajonettverschluss, Doppelverriegelung und verstellbarer L\u00e4nge. Sto\u00dffest, und sicher.\",\"breadcrumb\":{\"@id\":\"https:\\\/\\\/www.plaselplastic.com\\\/de\\\/shop\\\/bayo-pack-sk\\\/#breadcrumb\"},\"inLanguage\":\"de\",\"potentialAction\":[{\"@type\":\"ReadAction\",\"target\":[\"https:\\\/\\\/www.plaselplastic.com\\\/de\\\/shop\\\/bayo-pack-sk\\\/\"]}]},{\"@type\":\"ImageObject\",\"inLanguage\":\"de\",\"@id\":\"https:\\\/\\\/www.plaselplastic.com\\\/de\\\/shop\\\/bayo-pack-sk\\\/#primaryimage\",\"url\":\"https:\\\/\\\/www.plaselplastic.com\\\/wp-content\\\/uploads\\\/2025\\\/03\\\/BPSK-WH-1-scaled.jpg\",\"contentUrl\":\"https:\\\/\\\/www.plaselplastic.com\\\/wp-content\\\/uploads\\\/2025\\\/03\\\/BPSK-WH-1-scaled.jpg\",\"width\":2560,\"height\":2560},{\"@type\":\"BreadcrumbList\",\"@id\":\"https:\\\/\\\/www.plaselplastic.com\\\/de\\\/shop\\\/bayo-pack-sk\\\/#breadcrumb\",\"itemListElement\":[{\"@type\":\"ListItem\",\"position\":1,\"name\":\"Home\",\"item\":\"https:\\\/\\\/www.plaselplastic.com\\\/de\\\/\"},{\"@type\":\"ListItem\",\"position\":2,\"name\":\"Shop\",\"item\":\"https:\\\/\\\/www.plaselplastic.com\\\/shop\\\/\"},{\"@type\":\"ListItem\",\"position\":3,\"name\":\"Bayo Pack SK &#8211; Werkzeugverpackung\"}]},{\"@type\":\"WebSite\",\"@id\":\"https:\\\/\\\/www.plaselplastic.com\\\/#website\",\"url\":\"https:\\\/\\\/www.plaselplastic.com\\\/\",\"name\":\"plasel Plastics\",\"description\":\"\",\"publisher\":{\"@id\":\"https:\\\/\\\/www.plaselplastic.com\\\/#organization\"},\"potentialAction\":[{\"@type\":\"SearchAction\",\"target\":{\"@type\":\"EntryPoint\",\"urlTemplate\":\"https:\\\/\\\/www.plaselplastic.com\\\/?s={search_term_string}\"},\"query-input\":{\"@type\":\"PropertyValueSpecification\",\"valueRequired\":true,\"valueName\":\"search_term_string\"}}],\"inLanguage\":\"de\"},{\"@type\":\"Organization\",\"@id\":\"https:\\\/\\\/www.plaselplastic.com\\\/#organization\",\"name\":\"Plasel Plastics Ltd.\",\"url\":\"https:\\\/\\\/www.plaselplastic.com\\\/\",\"logo\":{\"@type\":\"ImageObject\",\"inLanguage\":\"de\",\"@id\":\"https:\\\/\\\/www.plaselplastic.com\\\/#\\\/schema\\\/logo\\\/image\\\/\",\"url\":\"https:\\\/\\\/www.plaselplastic.com\\\/wp-content\\\/uploads\\\/2024\\\/11\\\/logo.svg\",\"contentUrl\":\"https:\\\/\\\/www.plaselplastic.com\\\/wp-content\\\/uploads\\\/2024\\\/11\\\/logo.svg\",\"width\":171,\"height\":55,\"caption\":\"Plasel Plastics Ltd.\"},\"image\":{\"@id\":\"https:\\\/\\\/www.plaselplastic.com\\\/#\\\/schema\\\/logo\\\/image\\\/\"},\"sameAs\":[\"https:\\\/\\\/www.facebook.com\\\/profile.php?id=100064659343162\",\"https:\\\/\\\/www.linkedin.com\\\/company\\\/plasel-plastic\\\/\"]}]}<\/script>\n<!-- \/ Yoast SEO plugin. -->","yoast_head_json":{"title":"Bayo Pack SK - Werkzeugverpackung - Plasel Plastic","description":"Bayo Pack SK ist ein Werkzeugverpackung f\u00fcr CAT und BT mit Bajonettverschluss, Doppelverriegelung und verstellbarer L\u00e4nge. Sto\u00dffest, und sicher.","robots":{"index":"index","follow":"follow","max-snippet":"max-snippet:-1","max-image-preview":"max-image-preview:large","max-video-preview":"max-video-preview:-1"},"canonical":"https:\/\/www.plaselplastic.com\/de\/shop\/bayo-pack-sk\/","og_locale":"de_DE","og_type":"article","og_title":"Bayo Pack SK - Werkzeugverpackung - Plasel Plastic","og_description":"Bayo Pack SK ist ein Werkzeugverpackung f\u00fcr CAT und BT mit Bajonettverschluss, Doppelverriegelung und verstellbarer L\u00e4nge. Sto\u00dffest, und sicher.","og_url":"https:\/\/www.plaselplastic.com\/de\/shop\/bayo-pack-sk\/","og_site_name":"Plasel Plastic","article_publisher":"https:\/\/www.facebook.com\/profile.php?id=100064659343162","article_modified_time":"2025-05-13T18:19:32+00:00","og_image":[{"width":2560,"height":2560,"url":"https:\/\/www.plaselplastic.com\/wp-content\/uploads\/2025\/03\/BPSK-WH-1-scaled.jpg","type":"image\/jpeg"}],"twitter_card":"summary_large_image","twitter_misc":{"Gesch\u00e4tzte Lesezeit":"1\u00a0Minute"},"schema":{"@context":"https:\/\/schema.org","@graph":[{"@type":"WebPage","@id":"https:\/\/www.plaselplastic.com\/de\/shop\/bayo-pack-sk\/","url":"https:\/\/www.plaselplastic.com\/de\/shop\/bayo-pack-sk\/","name":"Bayo Pack SK - Werkzeugverpackung - Plasel Plastic","isPartOf":{"@id":"https:\/\/www.plaselplastic.com\/#website"},"primaryImageOfPage":{"@id":"https:\/\/www.plaselplastic.com\/de\/shop\/bayo-pack-sk\/#primaryimage"},"image":{"@id":"https:\/\/www.plaselplastic.com\/de\/shop\/bayo-pack-sk\/#primaryimage"},"thumbnailUrl":"https:\/\/www.plaselplastic.com\/wp-content\/uploads\/2025\/03\/BPSK-WH-1-scaled.jpg","datePublished":"2025-03-20T20:55:03+00:00","dateModified":"2025-05-13T18:19:32+00:00","description":"Bayo Pack SK ist ein Werkzeugverpackung f\u00fcr CAT und BT mit Bajonettverschluss, Doppelverriegelung und verstellbarer L\u00e4nge. Sto\u00dffest, und sicher.","breadcrumb":{"@id":"https:\/\/www.plaselplastic.com\/de\/shop\/bayo-pack-sk\/#breadcrumb"},"inLanguage":"de","potentialAction":[{"@type":"ReadAction","target":["https:\/\/www.plaselplastic.com\/de\/shop\/bayo-pack-sk\/"]}]},{"@type":"ImageObject","inLanguage":"de","@id":"https:\/\/www.plaselplastic.com\/de\/shop\/bayo-pack-sk\/#primaryimage","url":"https:\/\/www.plaselplastic.com\/wp-content\/uploads\/2025\/03\/BPSK-WH-1-scaled.jpg","contentUrl":"https:\/\/www.plaselplastic.com\/wp-content\/uploads\/2025\/03\/BPSK-WH-1-scaled.jpg","width":2560,"height":2560},{"@type":"BreadcrumbList","@id":"https:\/\/www.plaselplastic.com\/de\/shop\/bayo-pack-sk\/#breadcrumb","itemListElement":[{"@type":"ListItem","position":1,"name":"Home","item":"https:\/\/www.plaselplastic.com\/de\/"},{"@type":"ListItem","position":2,"name":"Shop","item":"https:\/\/www.plaselplastic.com\/shop\/"},{"@type":"ListItem","position":3,"name":"Bayo Pack SK &#8211; Werkzeugverpackung"}]},{"@type":"WebSite","@id":"https:\/\/www.plaselplastic.com\/#website","url":"https:\/\/www.plaselplastic.com\/","name":"plasel Plastics","description":"","publisher":{"@id":"https:\/\/www.plaselplastic.com\/#organization"},"potentialAction":[{"@type":"SearchAction","target":{"@type":"EntryPoint","urlTemplate":"https:\/\/www.plaselplastic.com\/?s={search_term_string}"},"query-input":{"@type":"PropertyValueSpecification","valueRequired":true,"valueName":"search_term_string"}}],"inLanguage":"de"},{"@type":"Organization","@id":"https:\/\/www.plaselplastic.com\/#organization","name":"Plasel Plastics Ltd.","url":"https:\/\/www.plaselplastic.com\/","logo":{"@type":"ImageObject","inLanguage":"de","@id":"https:\/\/www.plaselplastic.com\/#\/schema\/logo\/image\/","url":"https:\/\/www.plaselplastic.com\/wp-content\/uploads\/2024\/11\/logo.svg","contentUrl":"https:\/\/www.plaselplastic.com\/wp-content\/uploads\/2024\/11\/logo.svg","width":171,"height":55,"caption":"Plasel Plastics Ltd."},"image":{"@id":"https:\/\/www.plaselplastic.com\/#\/schema\/logo\/image\/"},"sameAs":["https:\/\/www.facebook.com\/profile.php?id=100064659343162","https:\/\/www.linkedin.com\/company\/plasel-plastic\/"]}]}},"_links":{"self":[{"href":"https:\/\/www.plaselplastic.com\/de\/wp-json\/wp\/v2\/product\/5811","targetHints":{"allow":["GET"]}}],"collection":[{"href":"https:\/\/www.plaselplastic.com\/de\/wp-json\/wp\/v2\/product"}],"about":[{"href":"https:\/\/www.plaselplastic.com\/de\/wp-json\/wp\/v2\/types\/product"}],"replies":[{"embeddable":true,"href":"https:\/\/www.plaselplastic.com\/de\/wp-json\/wp\/v2\/comments?post=5811"}],"wp:featuredmedia":[{"embeddable":true,"href":"https:\/\/www.plaselplastic.com\/de\/wp-json\/wp\/v2\/media\/5951"}],"wp:attachment":[{"href":"https:\/\/www.plaselplastic.com\/de\/wp-json\/wp\/v2\/media?parent=5811"}],"wp:term":[{"taxonomy":"product_brand","embeddable":true,"href":"https:\/\/www.plaselplastic.com\/de\/wp-json\/wp\/v2\/product_brand?post=5811"},{"taxonomy":"product_cat","embeddable":true,"href":"https:\/\/www.plaselplastic.com\/de\/wp-json\/wp\/v2\/product_cat?post=5811"},{"taxonomy":"product_tag","embeddable":true,"href":"https:\/\/www.plaselplastic.com\/de\/wp-json\/wp\/v2\/product_tag?post=5811"}],"curies":[{"name":"wp","href":"https:\/\/api.w.org\/{rel}","templated":true}]}}