{"id":4140,"date":"2024-12-25T20:54:58","date_gmt":"2024-12-25T18:54:58","guid":{"rendered":"http:\/\/plaselplastic.tempurl.co.il\/?post_type=product&#038;p=4140"},"modified":"2025-10-27T21:05:10","modified_gmt":"2025-10-27T19:05:10","slug":"center-packib","status":"publish","type":"product","link":"https:\/\/www.plaselplastic.com\/de\/shop\/center-packib\/","title":{"rendered":"Einsatzkasten &#8211; Werkzeugverpackung"},"content":{"rendered":"<p>Werkzeugverpackung f\u00fcr Hartmetall-Eins\u00e4tze. Gro\u00dfe Auswahl an Fachgr\u00f6\u00dfen und -formen. Leicht zu bet\u00e4tigender, benutzerfreundlicher Deckelverschluss durch Aufschieben und\/oder Dr\u00fccken. Um die Produkte platzsparend zu versenden und zu lagern, werden die K\u00e4sten \u00fcbereinander gestapelt.<\/p>\n","protected":false},"excerpt":{"rendered":"<p>Werkzeugverpackung f\u00fcr Hartmetall-Eins\u00e4tze. Gro\u00dfe Auswahl an Fachgr\u00f6\u00dfen und -formen. Leicht zu bet\u00e4tigender, benutzerfreundlicher Deckelverschluss durch Aufschieben und\/oder Dr\u00fccken. Um die Produkte platzsparend zu versenden und zu lagern, werden die K\u00e4sten \u00fcbereinander gestapelt.<\/p>\n","protected":false},"featured_media":4429,"comment_status":"open","ping_status":"closed","template":"","meta":{"_acf_changed":false},"product_brand":[],"product_cat":[1518],"product_tag":[],"class_list":{"0":"post-4140","1":"product","2":"type-product","3":"status-publish","4":"has-post-thumbnail","6":"product_cat-inserts","8":"first","9":"instock","10":"shipping-taxable","11":"purchasable","12":"product-type-simple"},"acf":[],"yoast_head":"<!-- This site is optimized with the Yoast SEO plugin v27.4 - https:\/\/yoast.com\/product\/yoast-seo-wordpress\/ -->\n<title>Einsatzkasten - Werkzeugverpackung - Plasel Plastic<\/title>\n<meta name=\"description\" content=\"Einsatzkasten ist eine stapelbare, effiziente Werkzeugverpackung f\u00fcr Hartmetalleins\u00e4tze mit verschiedenen F\u00e4chern und Schiebe- oder Schnappdeckelverschluss.\" \/>\n<meta name=\"robots\" content=\"index, follow, max-snippet:-1, max-image-preview:large, max-video-preview:-1\" \/>\n<link rel=\"canonical\" href=\"https:\/\/www.plaselplastic.com\/de\/shop\/center-packib\/\" \/>\n<meta property=\"og:locale\" content=\"de_DE\" \/>\n<meta property=\"og:type\" content=\"article\" \/>\n<meta property=\"og:title\" content=\"Einsatzkasten - Werkzeugverpackung - Plasel Plastic\" \/>\n<meta property=\"og:description\" content=\"Einsatzkasten ist eine stapelbare, effiziente Werkzeugverpackung f\u00fcr Hartmetalleins\u00e4tze mit verschiedenen F\u00e4chern und Schiebe- oder Schnappdeckelverschluss.\" \/>\n<meta property=\"og:url\" content=\"https:\/\/www.plaselplastic.com\/de\/shop\/center-packib\/\" \/>\n<meta property=\"og:site_name\" content=\"Plasel Plastic\" \/>\n<meta property=\"article:publisher\" content=\"https:\/\/www.facebook.com\/profile.php?id=100064659343162\" \/>\n<meta property=\"article:modified_time\" content=\"2025-10-27T19:05:10+00:00\" \/>\n<meta property=\"og:image\" content=\"https:\/\/www.plaselplastic.com\/wp-content\/uploads\/2024\/12\/ib-main.jpg\" \/>\n\t<meta property=\"og:image:width\" content=\"637\" \/>\n\t<meta property=\"og:image:height\" content=\"637\" \/>\n\t<meta property=\"og:image:type\" content=\"image\/jpeg\" \/>\n<meta name=\"twitter:card\" content=\"summary_large_image\" \/>\n<meta name=\"twitter:label1\" content=\"Gesch\u00e4tzte Lesezeit\" \/>\n\t<meta name=\"twitter:data1\" content=\"1\u00a0Minute\" \/>\n<script type=\"application\/ld+json\" class=\"yoast-schema-graph\">{\"@context\":\"https:\\\/\\\/schema.org\",\"@graph\":[{\"@type\":\"WebPage\",\"@id\":\"https:\\\/\\\/www.plaselplastic.com\\\/de\\\/shop\\\/center-packib\\\/\",\"url\":\"https:\\\/\\\/www.plaselplastic.com\\\/de\\\/shop\\\/center-packib\\\/\",\"name\":\"Einsatzkasten - Werkzeugverpackung - Plasel Plastic\",\"isPartOf\":{\"@id\":\"https:\\\/\\\/www.plaselplastic.com\\\/#website\"},\"primaryImageOfPage\":{\"@id\":\"https:\\\/\\\/www.plaselplastic.com\\\/de\\\/shop\\\/center-packib\\\/#primaryimage\"},\"image\":{\"@id\":\"https:\\\/\\\/www.plaselplastic.com\\\/de\\\/shop\\\/center-packib\\\/#primaryimage\"},\"thumbnailUrl\":\"https:\\\/\\\/www.plaselplastic.com\\\/wp-content\\\/uploads\\\/2024\\\/12\\\/ib-main.jpg\",\"datePublished\":\"2024-12-25T18:54:58+00:00\",\"dateModified\":\"2025-10-27T19:05:10+00:00\",\"description\":\"Einsatzkasten ist eine stapelbare, effiziente Werkzeugverpackung f\u00fcr Hartmetalleins\u00e4tze mit verschiedenen F\u00e4chern und Schiebe- oder Schnappdeckelverschluss.\",\"breadcrumb\":{\"@id\":\"https:\\\/\\\/www.plaselplastic.com\\\/de\\\/shop\\\/center-packib\\\/#breadcrumb\"},\"inLanguage\":\"de\",\"potentialAction\":[{\"@type\":\"ReadAction\",\"target\":[\"https:\\\/\\\/www.plaselplastic.com\\\/de\\\/shop\\\/center-packib\\\/\"]}]},{\"@type\":\"ImageObject\",\"inLanguage\":\"de\",\"@id\":\"https:\\\/\\\/www.plaselplastic.com\\\/de\\\/shop\\\/center-packib\\\/#primaryimage\",\"url\":\"https:\\\/\\\/www.plaselplastic.com\\\/wp-content\\\/uploads\\\/2024\\\/12\\\/ib-main.jpg\",\"contentUrl\":\"https:\\\/\\\/www.plaselplastic.com\\\/wp-content\\\/uploads\\\/2024\\\/12\\\/ib-main.jpg\",\"width\":637,\"height\":637,\"caption\":\"The Insert Box (IB) is efficient tool packaging for carbide inserts, featuring a variety of compartment sizes, stackable design, and easy slide or snap lid closure.\"},{\"@type\":\"BreadcrumbList\",\"@id\":\"https:\\\/\\\/www.plaselplastic.com\\\/de\\\/shop\\\/center-packib\\\/#breadcrumb\",\"itemListElement\":[{\"@type\":\"ListItem\",\"position\":1,\"name\":\"Home\",\"item\":\"https:\\\/\\\/www.plaselplastic.com\\\/de\\\/\"},{\"@type\":\"ListItem\",\"position\":2,\"name\":\"Shop\",\"item\":\"https:\\\/\\\/www.plaselplastic.com\\\/shop\\\/\"},{\"@type\":\"ListItem\",\"position\":3,\"name\":\"Einsatzkasten &#8211; Werkzeugverpackung\"}]},{\"@type\":\"WebSite\",\"@id\":\"https:\\\/\\\/www.plaselplastic.com\\\/#website\",\"url\":\"https:\\\/\\\/www.plaselplastic.com\\\/\",\"name\":\"plasel Plastics\",\"description\":\"\",\"publisher\":{\"@id\":\"https:\\\/\\\/www.plaselplastic.com\\\/#organization\"},\"potentialAction\":[{\"@type\":\"SearchAction\",\"target\":{\"@type\":\"EntryPoint\",\"urlTemplate\":\"https:\\\/\\\/www.plaselplastic.com\\\/?s={search_term_string}\"},\"query-input\":{\"@type\":\"PropertyValueSpecification\",\"valueRequired\":true,\"valueName\":\"search_term_string\"}}],\"inLanguage\":\"de\"},{\"@type\":\"Organization\",\"@id\":\"https:\\\/\\\/www.plaselplastic.com\\\/#organization\",\"name\":\"Plasel Plastics Ltd.\",\"url\":\"https:\\\/\\\/www.plaselplastic.com\\\/\",\"logo\":{\"@type\":\"ImageObject\",\"inLanguage\":\"de\",\"@id\":\"https:\\\/\\\/www.plaselplastic.com\\\/#\\\/schema\\\/logo\\\/image\\\/\",\"url\":\"https:\\\/\\\/www.plaselplastic.com\\\/wp-content\\\/uploads\\\/2024\\\/11\\\/logo.svg\",\"contentUrl\":\"https:\\\/\\\/www.plaselplastic.com\\\/wp-content\\\/uploads\\\/2024\\\/11\\\/logo.svg\",\"width\":171,\"height\":55,\"caption\":\"Plasel Plastics Ltd.\"},\"image\":{\"@id\":\"https:\\\/\\\/www.plaselplastic.com\\\/#\\\/schema\\\/logo\\\/image\\\/\"},\"sameAs\":[\"https:\\\/\\\/www.facebook.com\\\/profile.php?id=100064659343162\",\"https:\\\/\\\/www.linkedin.com\\\/company\\\/plasel-plastic\\\/\"]}]}<\/script>\n<!-- \/ Yoast SEO plugin. -->","yoast_head_json":{"title":"Einsatzkasten - Werkzeugverpackung - Plasel Plastic","description":"Einsatzkasten ist eine stapelbare, effiziente Werkzeugverpackung f\u00fcr Hartmetalleins\u00e4tze mit verschiedenen F\u00e4chern und Schiebe- oder Schnappdeckelverschluss.","robots":{"index":"index","follow":"follow","max-snippet":"max-snippet:-1","max-image-preview":"max-image-preview:large","max-video-preview":"max-video-preview:-1"},"canonical":"https:\/\/www.plaselplastic.com\/de\/shop\/center-packib\/","og_locale":"de_DE","og_type":"article","og_title":"Einsatzkasten - Werkzeugverpackung - Plasel Plastic","og_description":"Einsatzkasten ist eine stapelbare, effiziente Werkzeugverpackung f\u00fcr Hartmetalleins\u00e4tze mit verschiedenen F\u00e4chern und Schiebe- oder Schnappdeckelverschluss.","og_url":"https:\/\/www.plaselplastic.com\/de\/shop\/center-packib\/","og_site_name":"Plasel Plastic","article_publisher":"https:\/\/www.facebook.com\/profile.php?id=100064659343162","article_modified_time":"2025-10-27T19:05:10+00:00","og_image":[{"width":637,"height":637,"url":"https:\/\/www.plaselplastic.com\/wp-content\/uploads\/2024\/12\/ib-main.jpg","type":"image\/jpeg"}],"twitter_card":"summary_large_image","twitter_misc":{"Gesch\u00e4tzte Lesezeit":"1\u00a0Minute"},"schema":{"@context":"https:\/\/schema.org","@graph":[{"@type":"WebPage","@id":"https:\/\/www.plaselplastic.com\/de\/shop\/center-packib\/","url":"https:\/\/www.plaselplastic.com\/de\/shop\/center-packib\/","name":"Einsatzkasten - Werkzeugverpackung - Plasel Plastic","isPartOf":{"@id":"https:\/\/www.plaselplastic.com\/#website"},"primaryImageOfPage":{"@id":"https:\/\/www.plaselplastic.com\/de\/shop\/center-packib\/#primaryimage"},"image":{"@id":"https:\/\/www.plaselplastic.com\/de\/shop\/center-packib\/#primaryimage"},"thumbnailUrl":"https:\/\/www.plaselplastic.com\/wp-content\/uploads\/2024\/12\/ib-main.jpg","datePublished":"2024-12-25T18:54:58+00:00","dateModified":"2025-10-27T19:05:10+00:00","description":"Einsatzkasten ist eine stapelbare, effiziente Werkzeugverpackung f\u00fcr Hartmetalleins\u00e4tze mit verschiedenen F\u00e4chern und Schiebe- oder Schnappdeckelverschluss.","breadcrumb":{"@id":"https:\/\/www.plaselplastic.com\/de\/shop\/center-packib\/#breadcrumb"},"inLanguage":"de","potentialAction":[{"@type":"ReadAction","target":["https:\/\/www.plaselplastic.com\/de\/shop\/center-packib\/"]}]},{"@type":"ImageObject","inLanguage":"de","@id":"https:\/\/www.plaselplastic.com\/de\/shop\/center-packib\/#primaryimage","url":"https:\/\/www.plaselplastic.com\/wp-content\/uploads\/2024\/12\/ib-main.jpg","contentUrl":"https:\/\/www.plaselplastic.com\/wp-content\/uploads\/2024\/12\/ib-main.jpg","width":637,"height":637,"caption":"The Insert Box (IB) is efficient tool packaging for carbide inserts, featuring a variety of compartment sizes, stackable design, and easy slide or snap lid closure."},{"@type":"BreadcrumbList","@id":"https:\/\/www.plaselplastic.com\/de\/shop\/center-packib\/#breadcrumb","itemListElement":[{"@type":"ListItem","position":1,"name":"Home","item":"https:\/\/www.plaselplastic.com\/de\/"},{"@type":"ListItem","position":2,"name":"Shop","item":"https:\/\/www.plaselplastic.com\/shop\/"},{"@type":"ListItem","position":3,"name":"Einsatzkasten &#8211; Werkzeugverpackung"}]},{"@type":"WebSite","@id":"https:\/\/www.plaselplastic.com\/#website","url":"https:\/\/www.plaselplastic.com\/","name":"plasel Plastics","description":"","publisher":{"@id":"https:\/\/www.plaselplastic.com\/#organization"},"potentialAction":[{"@type":"SearchAction","target":{"@type":"EntryPoint","urlTemplate":"https:\/\/www.plaselplastic.com\/?s={search_term_string}"},"query-input":{"@type":"PropertyValueSpecification","valueRequired":true,"valueName":"search_term_string"}}],"inLanguage":"de"},{"@type":"Organization","@id":"https:\/\/www.plaselplastic.com\/#organization","name":"Plasel Plastics Ltd.","url":"https:\/\/www.plaselplastic.com\/","logo":{"@type":"ImageObject","inLanguage":"de","@id":"https:\/\/www.plaselplastic.com\/#\/schema\/logo\/image\/","url":"https:\/\/www.plaselplastic.com\/wp-content\/uploads\/2024\/11\/logo.svg","contentUrl":"https:\/\/www.plaselplastic.com\/wp-content\/uploads\/2024\/11\/logo.svg","width":171,"height":55,"caption":"Plasel Plastics Ltd."},"image":{"@id":"https:\/\/www.plaselplastic.com\/#\/schema\/logo\/image\/"},"sameAs":["https:\/\/www.facebook.com\/profile.php?id=100064659343162","https:\/\/www.linkedin.com\/company\/plasel-plastic\/"]}]}},"_links":{"self":[{"href":"https:\/\/www.plaselplastic.com\/de\/wp-json\/wp\/v2\/product\/4140","targetHints":{"allow":["GET"]}}],"collection":[{"href":"https:\/\/www.plaselplastic.com\/de\/wp-json\/wp\/v2\/product"}],"about":[{"href":"https:\/\/www.plaselplastic.com\/de\/wp-json\/wp\/v2\/types\/product"}],"replies":[{"embeddable":true,"href":"https:\/\/www.plaselplastic.com\/de\/wp-json\/wp\/v2\/comments?post=4140"}],"wp:featuredmedia":[{"embeddable":true,"href":"https:\/\/www.plaselplastic.com\/de\/wp-json\/wp\/v2\/media\/4429"}],"wp:attachment":[{"href":"https:\/\/www.plaselplastic.com\/de\/wp-json\/wp\/v2\/media?parent=4140"}],"wp:term":[{"taxonomy":"product_brand","embeddable":true,"href":"https:\/\/www.plaselplastic.com\/de\/wp-json\/wp\/v2\/product_brand?post=4140"},{"taxonomy":"product_cat","embeddable":true,"href":"https:\/\/www.plaselplastic.com\/de\/wp-json\/wp\/v2\/product_cat?post=4140"},{"taxonomy":"product_tag","embeddable":true,"href":"https:\/\/www.plaselplastic.com\/de\/wp-json\/wp\/v2\/product_tag?post=4140"}],"curies":[{"name":"wp","href":"https:\/\/api.w.org\/{rel}","templated":true}]}}