{"id":4139,"date":"2024-12-25T20:56:09","date_gmt":"2024-12-25T18:56:09","guid":{"rendered":"http:\/\/plaselplastic.tempurl.co.il\/?post_type=product&#038;p=4139"},"modified":"2025-05-13T15:36:04","modified_gmt":"2025-05-13T12:36:04","slug":"center-pack-rt","status":"publish","type":"product","link":"https:\/\/www.plaselplastic.com\/de\/shop\/center-pack-rt\/","title":{"rendered":"Rundrohr &#8211; Werkzeugverpackung"},"content":{"rendered":"<p>Werkzeugverpackung \u2013 Ist das von unserer Patent\u00fcbung geforderte Mindestma\u00df an Leistung durch den Labork\u00f6rper vorhanden, aber nichts von jeglicher Konsequenz? Dies gilt auch f\u00fcr die rechtliche Ablehnung.<\/p>\n","protected":false},"excerpt":{"rendered":"<p>Werkzeugverpackung \u2013 Ist das von unserer Patent\u00fcbung geforderte Mindestma\u00df an Leistung durch den Labork\u00f6rper vorhanden, aber nichts von jeglicher Konsequenz? Dies gilt auch f\u00fcr die rechtliche Ablehnung.<\/p>\n","protected":false},"featured_media":3126,"comment_status":"open","ping_status":"closed","template":"","meta":{"_acf_changed":false},"product_brand":[],"product_cat":[1518,1519],"product_tag":[],"class_list":{"0":"post-4139","1":"product","2":"type-product","3":"status-publish","4":"has-post-thumbnail","6":"product_cat-inserts","7":"product_cat-smart-packaging","9":"first","10":"instock","11":"shipping-taxable","12":"purchasable","13":"product-type-simple"},"acf":[],"yoast_head":"<!-- This site is optimized with the Yoast SEO plugin v27.4 - https:\/\/yoast.com\/product\/yoast-seo-wordpress\/ -->\n<title>Rundrohr - Werkzeugverpackung - Plasel Plastic<\/title>\n<meta name=\"description\" content=\"Rundrohr ist eine langlebige Werkzeugverpackung mit sicherem Verschluss, mit festen L\u00e4ngen und Durchmessern \u2013 wiederverwendbar, aus einem St\u00fcck geformt.\" \/>\n<meta name=\"robots\" content=\"index, follow, max-snippet:-1, max-image-preview:large, max-video-preview:-1\" \/>\n<link rel=\"canonical\" href=\"https:\/\/www.plaselplastic.com\/de\/shop\/center-pack-rt\/\" \/>\n<meta property=\"og:locale\" content=\"de_DE\" \/>\n<meta property=\"og:type\" content=\"article\" \/>\n<meta property=\"og:title\" content=\"Rundrohr - Werkzeugverpackung - Plasel Plastic\" \/>\n<meta property=\"og:description\" content=\"Rundrohr ist eine langlebige Werkzeugverpackung mit sicherem Verschluss, mit festen L\u00e4ngen und Durchmessern \u2013 wiederverwendbar, aus einem St\u00fcck geformt.\" \/>\n<meta property=\"og:url\" content=\"https:\/\/www.plaselplastic.com\/de\/shop\/center-pack-rt\/\" \/>\n<meta property=\"og:site_name\" content=\"Plasel Plastic\" \/>\n<meta property=\"article:publisher\" content=\"https:\/\/www.facebook.com\/profile.php?id=100064659343162\" \/>\n<meta property=\"article:modified_time\" content=\"2025-05-13T12:36:04+00:00\" \/>\n<meta property=\"og:image\" content=\"https:\/\/www.plaselplastic.com\/wp-content\/uploads\/2024\/12\/07.webp\" \/>\n\t<meta property=\"og:image:width\" content=\"705\" \/>\n\t<meta property=\"og:image:height\" content=\"609\" \/>\n\t<meta property=\"og:image:type\" content=\"image\/webp\" \/>\n<meta name=\"twitter:card\" content=\"summary_large_image\" \/>\n<meta name=\"twitter:label1\" content=\"Gesch\u00e4tzte Lesezeit\" \/>\n\t<meta name=\"twitter:data1\" content=\"1\u00a0Minute\" \/>\n<script type=\"application\/ld+json\" class=\"yoast-schema-graph\">{\"@context\":\"https:\\\/\\\/schema.org\",\"@graph\":[{\"@type\":\"WebPage\",\"@id\":\"https:\\\/\\\/www.plaselplastic.com\\\/de\\\/shop\\\/center-pack-rt\\\/\",\"url\":\"https:\\\/\\\/www.plaselplastic.com\\\/de\\\/shop\\\/center-pack-rt\\\/\",\"name\":\"Rundrohr - Werkzeugverpackung - Plasel Plastic\",\"isPartOf\":{\"@id\":\"https:\\\/\\\/www.plaselplastic.com\\\/#website\"},\"primaryImageOfPage\":{\"@id\":\"https:\\\/\\\/www.plaselplastic.com\\\/de\\\/shop\\\/center-pack-rt\\\/#primaryimage\"},\"image\":{\"@id\":\"https:\\\/\\\/www.plaselplastic.com\\\/de\\\/shop\\\/center-pack-rt\\\/#primaryimage\"},\"thumbnailUrl\":\"https:\\\/\\\/www.plaselplastic.com\\\/wp-content\\\/uploads\\\/2024\\\/12\\\/07.webp\",\"datePublished\":\"2024-12-25T18:56:09+00:00\",\"dateModified\":\"2025-05-13T12:36:04+00:00\",\"description\":\"Rundrohr ist eine langlebige Werkzeugverpackung mit sicherem Verschluss, mit festen L\u00e4ngen und Durchmessern \u2013 wiederverwendbar, aus einem St\u00fcck geformt.\",\"breadcrumb\":{\"@id\":\"https:\\\/\\\/www.plaselplastic.com\\\/de\\\/shop\\\/center-pack-rt\\\/#breadcrumb\"},\"inLanguage\":\"de\",\"potentialAction\":[{\"@type\":\"ReadAction\",\"target\":[\"https:\\\/\\\/www.plaselplastic.com\\\/de\\\/shop\\\/center-pack-rt\\\/\"]}]},{\"@type\":\"ImageObject\",\"inLanguage\":\"de\",\"@id\":\"https:\\\/\\\/www.plaselplastic.com\\\/de\\\/shop\\\/center-pack-rt\\\/#primaryimage\",\"url\":\"https:\\\/\\\/www.plaselplastic.com\\\/wp-content\\\/uploads\\\/2024\\\/12\\\/07.webp\",\"contentUrl\":\"https:\\\/\\\/www.plaselplastic.com\\\/wp-content\\\/uploads\\\/2024\\\/12\\\/07.webp\",\"width\":705,\"height\":609},{\"@type\":\"BreadcrumbList\",\"@id\":\"https:\\\/\\\/www.plaselplastic.com\\\/de\\\/shop\\\/center-pack-rt\\\/#breadcrumb\",\"itemListElement\":[{\"@type\":\"ListItem\",\"position\":1,\"name\":\"Home\",\"item\":\"https:\\\/\\\/www.plaselplastic.com\\\/de\\\/\"},{\"@type\":\"ListItem\",\"position\":2,\"name\":\"Shop\",\"item\":\"https:\\\/\\\/www.plaselplastic.com\\\/shop\\\/\"},{\"@type\":\"ListItem\",\"position\":3,\"name\":\"Rundrohr &#8211; Werkzeugverpackung\"}]},{\"@type\":\"WebSite\",\"@id\":\"https:\\\/\\\/www.plaselplastic.com\\\/#website\",\"url\":\"https:\\\/\\\/www.plaselplastic.com\\\/\",\"name\":\"plasel Plastics\",\"description\":\"\",\"publisher\":{\"@id\":\"https:\\\/\\\/www.plaselplastic.com\\\/#organization\"},\"potentialAction\":[{\"@type\":\"SearchAction\",\"target\":{\"@type\":\"EntryPoint\",\"urlTemplate\":\"https:\\\/\\\/www.plaselplastic.com\\\/?s={search_term_string}\"},\"query-input\":{\"@type\":\"PropertyValueSpecification\",\"valueRequired\":true,\"valueName\":\"search_term_string\"}}],\"inLanguage\":\"de\"},{\"@type\":\"Organization\",\"@id\":\"https:\\\/\\\/www.plaselplastic.com\\\/#organization\",\"name\":\"Plasel Plastics Ltd.\",\"url\":\"https:\\\/\\\/www.plaselplastic.com\\\/\",\"logo\":{\"@type\":\"ImageObject\",\"inLanguage\":\"de\",\"@id\":\"https:\\\/\\\/www.plaselplastic.com\\\/#\\\/schema\\\/logo\\\/image\\\/\",\"url\":\"https:\\\/\\\/www.plaselplastic.com\\\/wp-content\\\/uploads\\\/2024\\\/11\\\/logo.svg\",\"contentUrl\":\"https:\\\/\\\/www.plaselplastic.com\\\/wp-content\\\/uploads\\\/2024\\\/11\\\/logo.svg\",\"width\":171,\"height\":55,\"caption\":\"Plasel Plastics Ltd.\"},\"image\":{\"@id\":\"https:\\\/\\\/www.plaselplastic.com\\\/#\\\/schema\\\/logo\\\/image\\\/\"},\"sameAs\":[\"https:\\\/\\\/www.facebook.com\\\/profile.php?id=100064659343162\",\"https:\\\/\\\/www.linkedin.com\\\/company\\\/plasel-plastic\\\/\"]}]}<\/script>\n<!-- \/ Yoast SEO plugin. -->","yoast_head_json":{"title":"Rundrohr - Werkzeugverpackung - Plasel Plastic","description":"Rundrohr ist eine langlebige Werkzeugverpackung mit sicherem Verschluss, mit festen L\u00e4ngen und Durchmessern \u2013 wiederverwendbar, aus einem St\u00fcck geformt.","robots":{"index":"index","follow":"follow","max-snippet":"max-snippet:-1","max-image-preview":"max-image-preview:large","max-video-preview":"max-video-preview:-1"},"canonical":"https:\/\/www.plaselplastic.com\/de\/shop\/center-pack-rt\/","og_locale":"de_DE","og_type":"article","og_title":"Rundrohr - Werkzeugverpackung - Plasel Plastic","og_description":"Rundrohr ist eine langlebige Werkzeugverpackung mit sicherem Verschluss, mit festen L\u00e4ngen und Durchmessern \u2013 wiederverwendbar, aus einem St\u00fcck geformt.","og_url":"https:\/\/www.plaselplastic.com\/de\/shop\/center-pack-rt\/","og_site_name":"Plasel Plastic","article_publisher":"https:\/\/www.facebook.com\/profile.php?id=100064659343162","article_modified_time":"2025-05-13T12:36:04+00:00","og_image":[{"width":705,"height":609,"url":"https:\/\/www.plaselplastic.com\/wp-content\/uploads\/2024\/12\/07.webp","type":"image\/webp"}],"twitter_card":"summary_large_image","twitter_misc":{"Gesch\u00e4tzte Lesezeit":"1\u00a0Minute"},"schema":{"@context":"https:\/\/schema.org","@graph":[{"@type":"WebPage","@id":"https:\/\/www.plaselplastic.com\/de\/shop\/center-pack-rt\/","url":"https:\/\/www.plaselplastic.com\/de\/shop\/center-pack-rt\/","name":"Rundrohr - Werkzeugverpackung - Plasel Plastic","isPartOf":{"@id":"https:\/\/www.plaselplastic.com\/#website"},"primaryImageOfPage":{"@id":"https:\/\/www.plaselplastic.com\/de\/shop\/center-pack-rt\/#primaryimage"},"image":{"@id":"https:\/\/www.plaselplastic.com\/de\/shop\/center-pack-rt\/#primaryimage"},"thumbnailUrl":"https:\/\/www.plaselplastic.com\/wp-content\/uploads\/2024\/12\/07.webp","datePublished":"2024-12-25T18:56:09+00:00","dateModified":"2025-05-13T12:36:04+00:00","description":"Rundrohr ist eine langlebige Werkzeugverpackung mit sicherem Verschluss, mit festen L\u00e4ngen und Durchmessern \u2013 wiederverwendbar, aus einem St\u00fcck geformt.","breadcrumb":{"@id":"https:\/\/www.plaselplastic.com\/de\/shop\/center-pack-rt\/#breadcrumb"},"inLanguage":"de","potentialAction":[{"@type":"ReadAction","target":["https:\/\/www.plaselplastic.com\/de\/shop\/center-pack-rt\/"]}]},{"@type":"ImageObject","inLanguage":"de","@id":"https:\/\/www.plaselplastic.com\/de\/shop\/center-pack-rt\/#primaryimage","url":"https:\/\/www.plaselplastic.com\/wp-content\/uploads\/2024\/12\/07.webp","contentUrl":"https:\/\/www.plaselplastic.com\/wp-content\/uploads\/2024\/12\/07.webp","width":705,"height":609},{"@type":"BreadcrumbList","@id":"https:\/\/www.plaselplastic.com\/de\/shop\/center-pack-rt\/#breadcrumb","itemListElement":[{"@type":"ListItem","position":1,"name":"Home","item":"https:\/\/www.plaselplastic.com\/de\/"},{"@type":"ListItem","position":2,"name":"Shop","item":"https:\/\/www.plaselplastic.com\/shop\/"},{"@type":"ListItem","position":3,"name":"Rundrohr &#8211; Werkzeugverpackung"}]},{"@type":"WebSite","@id":"https:\/\/www.plaselplastic.com\/#website","url":"https:\/\/www.plaselplastic.com\/","name":"plasel Plastics","description":"","publisher":{"@id":"https:\/\/www.plaselplastic.com\/#organization"},"potentialAction":[{"@type":"SearchAction","target":{"@type":"EntryPoint","urlTemplate":"https:\/\/www.plaselplastic.com\/?s={search_term_string}"},"query-input":{"@type":"PropertyValueSpecification","valueRequired":true,"valueName":"search_term_string"}}],"inLanguage":"de"},{"@type":"Organization","@id":"https:\/\/www.plaselplastic.com\/#organization","name":"Plasel Plastics Ltd.","url":"https:\/\/www.plaselplastic.com\/","logo":{"@type":"ImageObject","inLanguage":"de","@id":"https:\/\/www.plaselplastic.com\/#\/schema\/logo\/image\/","url":"https:\/\/www.plaselplastic.com\/wp-content\/uploads\/2024\/11\/logo.svg","contentUrl":"https:\/\/www.plaselplastic.com\/wp-content\/uploads\/2024\/11\/logo.svg","width":171,"height":55,"caption":"Plasel Plastics Ltd."},"image":{"@id":"https:\/\/www.plaselplastic.com\/#\/schema\/logo\/image\/"},"sameAs":["https:\/\/www.facebook.com\/profile.php?id=100064659343162","https:\/\/www.linkedin.com\/company\/plasel-plastic\/"]}]}},"_links":{"self":[{"href":"https:\/\/www.plaselplastic.com\/de\/wp-json\/wp\/v2\/product\/4139","targetHints":{"allow":["GET"]}}],"collection":[{"href":"https:\/\/www.plaselplastic.com\/de\/wp-json\/wp\/v2\/product"}],"about":[{"href":"https:\/\/www.plaselplastic.com\/de\/wp-json\/wp\/v2\/types\/product"}],"replies":[{"embeddable":true,"href":"https:\/\/www.plaselplastic.com\/de\/wp-json\/wp\/v2\/comments?post=4139"}],"wp:featuredmedia":[{"embeddable":true,"href":"https:\/\/www.plaselplastic.com\/de\/wp-json\/wp\/v2\/media\/3126"}],"wp:attachment":[{"href":"https:\/\/www.plaselplastic.com\/de\/wp-json\/wp\/v2\/media?parent=4139"}],"wp:term":[{"taxonomy":"product_brand","embeddable":true,"href":"https:\/\/www.plaselplastic.com\/de\/wp-json\/wp\/v2\/product_brand?post=4139"},{"taxonomy":"product_cat","embeddable":true,"href":"https:\/\/www.plaselplastic.com\/de\/wp-json\/wp\/v2\/product_cat?post=4139"},{"taxonomy":"product_tag","embeddable":true,"href":"https:\/\/www.plaselplastic.com\/de\/wp-json\/wp\/v2\/product_tag?post=4139"}],"curies":[{"name":"wp","href":"https:\/\/api.w.org\/{rel}","templated":true}]}}