{"id":4197,"date":"2025-01-08T11:27:30","date_gmt":"2025-01-08T09:27:30","guid":{"rendered":"http:\/\/plaselplastic.tempurl.co.il\/?page_id=4197"},"modified":"2026-02-14T15:54:24","modified_gmt":"2026-02-14T13:54:24","slug":"contact-us","status":"publish","type":"page","link":"https:\/\/www.plaselplastic.com\/de\/contact-us\/","title":{"rendered":"Kontaktieren Sie uns"},"content":{"rendered":"<h2>Wir sind f\u00fcr Sie da!<\/h2>\n<p>Kontaktieren Sie uns bitte f\u00fcr Dienstleistungen oder andere Fragen. Wir helfen Ihnen gerne weiter. F\u00fcllen Sie bitte das Kontaktformular aus und wir werden Ihnen in K\u00fcrze antworten:<\/p>\n","protected":false},"excerpt":{"rendered":"<p>Wir sind f\u00fcr Sie da! Kontaktieren Sie uns bitte f\u00fcr Dienstleistungen oder andere Fragen. Wir helfen Ihnen gerne weiter. F\u00fcllen Sie bitte das Kontaktformular aus und wir werden Ihnen in K\u00fcrze antworten:<\/p>\n","protected":false},"author":1,"featured_media":0,"parent":0,"menu_order":19,"comment_status":"closed","ping_status":"closed","template":"contact-us.php","meta":{"_acf_changed":false,"footnotes":""},"class_list":["post-4197","page","type-page","status-publish","hentry"],"acf":[],"yoast_head":"<!-- This site is optimized with the Yoast SEO plugin v27.4 - https:\/\/yoast.com\/product\/yoast-seo-wordpress\/ -->\n<title>Umweltfreundliche Verpackung - Kontaktieren Sie uns<\/title>\n<meta name=\"description\" content=\"Kontaktieren Sie uns f\u00fcr innovative, Umweltfreundliche Verpackung und ma\u00dfgeschneiderte Smart-Packaging-Services f\u00fcr Schneidwerkzeuge\" \/>\n<meta name=\"robots\" content=\"index, follow, max-snippet:-1, max-image-preview:large, max-video-preview:-1\" \/>\n<link rel=\"canonical\" href=\"https:\/\/www.plaselplastic.com\/de\/contact-us\/\" \/>\n<meta property=\"og:locale\" content=\"de_DE\" \/>\n<meta property=\"og:type\" content=\"article\" \/>\n<meta property=\"og:title\" content=\"Umweltfreundliche Verpackung - Kontaktieren Sie uns\" \/>\n<meta property=\"og:description\" content=\"Kontaktieren Sie uns f\u00fcr innovative, Umweltfreundliche Verpackung und ma\u00dfgeschneiderte Smart-Packaging-Services f\u00fcr Schneidwerkzeuge\" \/>\n<meta property=\"og:url\" content=\"https:\/\/www.plaselplastic.com\/de\/contact-us\/\" \/>\n<meta property=\"og:site_name\" content=\"Plasel Plastic\" \/>\n<meta property=\"article:publisher\" content=\"https:\/\/www.facebook.com\/profile.php?id=100064659343162\" \/>\n<meta property=\"article:modified_time\" content=\"2026-02-14T13:54:24+00:00\" \/>\n<meta name=\"twitter:card\" content=\"summary_large_image\" \/>\n<meta name=\"twitter:label1\" content=\"Gesch\u00e4tzte Lesezeit\" \/>\n\t<meta name=\"twitter:data1\" content=\"1\u00a0Minute\" \/>\n<script type=\"application\/ld+json\" class=\"yoast-schema-graph\">{\"@context\":\"https:\\\/\\\/schema.org\",\"@graph\":[{\"@type\":\"WebPage\",\"@id\":\"https:\\\/\\\/www.plaselplastic.com\\\/de\\\/contact-us\\\/\",\"url\":\"https:\\\/\\\/www.plaselplastic.com\\\/de\\\/contact-us\\\/\",\"name\":\"Umweltfreundliche Verpackung - Kontaktieren Sie uns\",\"isPartOf\":{\"@id\":\"https:\\\/\\\/www.plaselplastic.com\\\/#website\"},\"datePublished\":\"2025-01-08T09:27:30+00:00\",\"dateModified\":\"2026-02-14T13:54:24+00:00\",\"description\":\"Kontaktieren Sie uns f\u00fcr innovative, Umweltfreundliche Verpackung und ma\u00dfgeschneiderte Smart-Packaging-Services f\u00fcr Schneidwerkzeuge\",\"breadcrumb\":{\"@id\":\"https:\\\/\\\/www.plaselplastic.com\\\/de\\\/contact-us\\\/#breadcrumb\"},\"inLanguage\":\"de\",\"potentialAction\":[{\"@type\":\"ReadAction\",\"target\":[\"https:\\\/\\\/www.plaselplastic.com\\\/de\\\/contact-us\\\/\"]}]},{\"@type\":\"BreadcrumbList\",\"@id\":\"https:\\\/\\\/www.plaselplastic.com\\\/de\\\/contact-us\\\/#breadcrumb\",\"itemListElement\":[{\"@type\":\"ListItem\",\"position\":1,\"name\":\"Home\",\"item\":\"https:\\\/\\\/www.plaselplastic.com\\\/de\\\/\"},{\"@type\":\"ListItem\",\"position\":2,\"name\":\"Kontaktieren Sie uns\"}]},{\"@type\":\"WebSite\",\"@id\":\"https:\\\/\\\/www.plaselplastic.com\\\/#website\",\"url\":\"https:\\\/\\\/www.plaselplastic.com\\\/\",\"name\":\"plasel Plastics\",\"description\":\"\",\"publisher\":{\"@id\":\"https:\\\/\\\/www.plaselplastic.com\\\/#organization\"},\"potentialAction\":[{\"@type\":\"SearchAction\",\"target\":{\"@type\":\"EntryPoint\",\"urlTemplate\":\"https:\\\/\\\/www.plaselplastic.com\\\/?s={search_term_string}\"},\"query-input\":{\"@type\":\"PropertyValueSpecification\",\"valueRequired\":true,\"valueName\":\"search_term_string\"}}],\"inLanguage\":\"de\"},{\"@type\":\"Organization\",\"@id\":\"https:\\\/\\\/www.plaselplastic.com\\\/#organization\",\"name\":\"Plasel Plastics Ltd.\",\"url\":\"https:\\\/\\\/www.plaselplastic.com\\\/\",\"logo\":{\"@type\":\"ImageObject\",\"inLanguage\":\"de\",\"@id\":\"https:\\\/\\\/www.plaselplastic.com\\\/#\\\/schema\\\/logo\\\/image\\\/\",\"url\":\"https:\\\/\\\/www.plaselplastic.com\\\/wp-content\\\/uploads\\\/2024\\\/11\\\/logo.svg\",\"contentUrl\":\"https:\\\/\\\/www.plaselplastic.com\\\/wp-content\\\/uploads\\\/2024\\\/11\\\/logo.svg\",\"width\":171,\"height\":55,\"caption\":\"Plasel Plastics Ltd.\"},\"image\":{\"@id\":\"https:\\\/\\\/www.plaselplastic.com\\\/#\\\/schema\\\/logo\\\/image\\\/\"},\"sameAs\":[\"https:\\\/\\\/www.facebook.com\\\/profile.php?id=100064659343162\",\"https:\\\/\\\/www.linkedin.com\\\/company\\\/plasel-plastic\\\/\"]}]}<\/script>\n<!-- \/ Yoast SEO plugin. -->","yoast_head_json":{"title":"Umweltfreundliche Verpackung - Kontaktieren Sie uns","description":"Kontaktieren Sie uns f\u00fcr innovative, Umweltfreundliche Verpackung und ma\u00dfgeschneiderte Smart-Packaging-Services f\u00fcr Schneidwerkzeuge","robots":{"index":"index","follow":"follow","max-snippet":"max-snippet:-1","max-image-preview":"max-image-preview:large","max-video-preview":"max-video-preview:-1"},"canonical":"https:\/\/www.plaselplastic.com\/de\/contact-us\/","og_locale":"de_DE","og_type":"article","og_title":"Umweltfreundliche Verpackung - Kontaktieren Sie uns","og_description":"Kontaktieren Sie uns f\u00fcr innovative, Umweltfreundliche Verpackung und ma\u00dfgeschneiderte Smart-Packaging-Services f\u00fcr Schneidwerkzeuge","og_url":"https:\/\/www.plaselplastic.com\/de\/contact-us\/","og_site_name":"Plasel Plastic","article_publisher":"https:\/\/www.facebook.com\/profile.php?id=100064659343162","article_modified_time":"2026-02-14T13:54:24+00:00","twitter_card":"summary_large_image","twitter_misc":{"Gesch\u00e4tzte Lesezeit":"1\u00a0Minute"},"schema":{"@context":"https:\/\/schema.org","@graph":[{"@type":"WebPage","@id":"https:\/\/www.plaselplastic.com\/de\/contact-us\/","url":"https:\/\/www.plaselplastic.com\/de\/contact-us\/","name":"Umweltfreundliche Verpackung - Kontaktieren Sie uns","isPartOf":{"@id":"https:\/\/www.plaselplastic.com\/#website"},"datePublished":"2025-01-08T09:27:30+00:00","dateModified":"2026-02-14T13:54:24+00:00","description":"Kontaktieren Sie uns f\u00fcr innovative, Umweltfreundliche Verpackung und ma\u00dfgeschneiderte Smart-Packaging-Services f\u00fcr Schneidwerkzeuge","breadcrumb":{"@id":"https:\/\/www.plaselplastic.com\/de\/contact-us\/#breadcrumb"},"inLanguage":"de","potentialAction":[{"@type":"ReadAction","target":["https:\/\/www.plaselplastic.com\/de\/contact-us\/"]}]},{"@type":"BreadcrumbList","@id":"https:\/\/www.plaselplastic.com\/de\/contact-us\/#breadcrumb","itemListElement":[{"@type":"ListItem","position":1,"name":"Home","item":"https:\/\/www.plaselplastic.com\/de\/"},{"@type":"ListItem","position":2,"name":"Kontaktieren Sie uns"}]},{"@type":"WebSite","@id":"https:\/\/www.plaselplastic.com\/#website","url":"https:\/\/www.plaselplastic.com\/","name":"plasel Plastics","description":"","publisher":{"@id":"https:\/\/www.plaselplastic.com\/#organization"},"potentialAction":[{"@type":"SearchAction","target":{"@type":"EntryPoint","urlTemplate":"https:\/\/www.plaselplastic.com\/?s={search_term_string}"},"query-input":{"@type":"PropertyValueSpecification","valueRequired":true,"valueName":"search_term_string"}}],"inLanguage":"de"},{"@type":"Organization","@id":"https:\/\/www.plaselplastic.com\/#organization","name":"Plasel Plastics Ltd.","url":"https:\/\/www.plaselplastic.com\/","logo":{"@type":"ImageObject","inLanguage":"de","@id":"https:\/\/www.plaselplastic.com\/#\/schema\/logo\/image\/","url":"https:\/\/www.plaselplastic.com\/wp-content\/uploads\/2024\/11\/logo.svg","contentUrl":"https:\/\/www.plaselplastic.com\/wp-content\/uploads\/2024\/11\/logo.svg","width":171,"height":55,"caption":"Plasel Plastics Ltd."},"image":{"@id":"https:\/\/www.plaselplastic.com\/#\/schema\/logo\/image\/"},"sameAs":["https:\/\/www.facebook.com\/profile.php?id=100064659343162","https:\/\/www.linkedin.com\/company\/plasel-plastic\/"]}]}},"_links":{"self":[{"href":"https:\/\/www.plaselplastic.com\/de\/wp-json\/wp\/v2\/pages\/4197","targetHints":{"allow":["GET"]}}],"collection":[{"href":"https:\/\/www.plaselplastic.com\/de\/wp-json\/wp\/v2\/pages"}],"about":[{"href":"https:\/\/www.plaselplastic.com\/de\/wp-json\/wp\/v2\/types\/page"}],"author":[{"embeddable":true,"href":"https:\/\/www.plaselplastic.com\/de\/wp-json\/wp\/v2\/users\/1"}],"replies":[{"embeddable":true,"href":"https:\/\/www.plaselplastic.com\/de\/wp-json\/wp\/v2\/comments?post=4197"}],"version-history":[{"count":9,"href":"https:\/\/www.plaselplastic.com\/de\/wp-json\/wp\/v2\/pages\/4197\/revisions"}],"predecessor-version":[{"id":6834,"href":"https:\/\/www.plaselplastic.com\/de\/wp-json\/wp\/v2\/pages\/4197\/revisions\/6834"}],"wp:attachment":[{"href":"https:\/\/www.plaselplastic.com\/de\/wp-json\/wp\/v2\/media?parent=4197"}],"curies":[{"name":"wp","href":"https:\/\/api.w.org\/{rel}","templated":true}]}}